{"id":2002,"date":"2025-09-04T10:10:11","date_gmt":"2025-09-04T08:10:11","guid":{"rendered":"https:\/\/www.nmskrumbach.ac.at\/wordpress\/?page_id=2002"},"modified":"2025-09-30T12:41:23","modified_gmt":"2025-09-30T10:41:23","slug":"talent-school","status":"publish","type":"page","link":"https:\/\/www.nmskrumbach.ac.at\/wordpress\/talent-school\/","title":{"rendered":"Talent School"},"content":{"rendered":"<h3><a href=\"https:\/\/www.nmskrumbach.ac.at\/wordpress\/wp-content\/uploads\/2025\/09\/TalentSchool1.jpg\"><img loading=\"lazy\" decoding=\"async\" class=\"aligncenter wp-image-2094 size-full\" src=\"https:\/\/www.nmskrumbach.ac.at\/wordpress\/wp-content\/uploads\/2025\/09\/TalentSchool1.jpg\" alt=\"\" width=\"498\" height=\"252\" srcset=\"https:\/\/www.nmskrumbach.ac.at\/wordpress\/wp-content\/uploads\/2025\/09\/TalentSchool1.jpg 498w, https:\/\/www.nmskrumbach.ac.at\/wordpress\/wp-content\/uploads\/2025\/09\/TalentSchool1-300x152.jpg 300w\" sizes=\"auto, (max-width: 498px) 100vw, 498px\" \/><\/a><\/h3>\n<p>&nbsp;<\/p>\n<h3 style=\"text-align: center;\"><strong><span style=\"color: #0000ff;\">Entwicklung eines neuen p\u00e4dagogischen Schwerpunktes f\u00fcr Schulen der Sekundarstufe I (10 bis 14-J\u00e4hrige)<\/span><\/strong><\/h3>\n<p style=\"text-align: center;\">Eine Talent School setzt sich neben ihren Bildungsaufgaben ein besonderes Ziel:<br \/>\nSch\u00fcler:innen erhalten die M\u00f6glichkeit, Berufe kennen zu lernen, f\u00fcr die sie ein echtes Talent und Interesse haben und die ihnen auch Zukunftsaussichten in der eigenen Heimat und Region er\u00f6ffnen.<\/p>\n<h3><\/h3>\n<p>&nbsp;<\/p>\n<div class=\"elementor-element elementor-element-6642d99 elementor-widget elementor-widget-heading animated fadeIn\" data-id=\"6642d99\" data-element_type=\"widget\" data-settings=\"{&quot;_animation&quot;:&quot;fadeIn&quot;,&quot;_animation_delay&quot;:200}\" data-widget_type=\"heading.default\">\n<div class=\"elementor-widget-container\">\n<h3 class=\"elementor-heading-title elementor-size-default\"><span style=\"color: #0000ff;\">F\u00fcnf Kernelemente der Talent School<\/span><\/h3>\n<\/div>\n<\/div>\n<div class=\"elementor-element elementor-element-625e587 elementor-view-default elementor-mobile-position-top elementor-widget elementor-widget-icon-box\" data-id=\"625e587\" data-element_type=\"widget\" data-widget_type=\"icon-box.default\">\n<div class=\"elementor-icon-box-icon\"><\/div>\n<div class=\"elementor-widget-container\">\n<div class=\"elementor-icon-box-wrapper\">\n<div class=\"elementor-icon-box-content\">\n<h5 class=\"elementor-icon-box-title\"><strong><span style=\"color: #333399;\">Kooperation Wirtschaft-Schule<\/span><\/strong><\/h5>\n<p class=\"elementor-icon-box-description\">F\u00fcr Bildung und Berufsorientierung ist nicht nur die Schule, sondern die ganze Region verantwortlich. Jede Talent School richtet eine Steuergruppe mit Schulleitung, Eltern, Betriebe und Gemeinde ein.<\/p>\n<\/div>\n<\/div>\n<\/div>\n<\/div>\n<div class=\"elementor-element elementor-element-8d47bd1 elementor-view-default elementor-mobile-position-top elementor-widget elementor-widget-icon-box\" data-id=\"8d47bd1\" data-element_type=\"widget\" data-widget_type=\"icon-box.default\">\n<div class=\"elementor-widget-container\">\n<div class=\"elementor-icon-box-wrapper\">\n<div class=\"elementor-icon-box-icon\"><\/div>\n<div class=\"elementor-icon-box-content\">\n<h5 class=\"elementor-icon-box-title\"><strong><span style=\"color: #333399;\">Selbst ausprobieren<\/span><\/strong><\/h5>\n<p class=\"elementor-icon-box-description\">In einer Talent School werden Berufe nicht nur vorgestellt. In einer Talent School kann man berufliche T\u00e4tigkeiten konkret ausprobieren und selbst erfahren, ob man daf\u00fcr Talent und daran Freude hat. Schulen, Betriebe und Expert:innen erarbeiten gemeinsam M\u00f6glichkeiten, wie man berufliche T\u00e4tigkeiten im Rahmen des Unterrichts wirklichkeitsnah und sicher ausprobieren kann.<\/p>\n<\/div>\n<\/div>\n<\/div>\n<\/div>\n<div class=\"elementor-element elementor-element-35d5a9b elementor-view-default elementor-position-top elementor-mobile-position-top elementor-widget elementor-widget-icon-box\" data-id=\"35d5a9b\" data-element_type=\"widget\" data-widget_type=\"icon-box.default\">\n<div class=\"elementor-widget-container\">\n<div class=\"elementor-icon-box-wrapper\">\n<div class=\"elementor-icon-box-icon\"><\/div>\n<div class=\"elementor-icon-box-content\">\n<h5 class=\"elementor-icon-box-title\"><strong><span style=\"color: #333399;\">Breite Erfahrung machen<\/span><\/strong><\/h5>\n<p class=\"elementor-icon-box-description\">Der richtige Beruf ist nicht immer der \u201eerstbeste\u201c. Deshalb sollen Sch\u00fcler:innen m\u00f6glichst viele verschiedene Berufe ausprobieren, damit sie eine gute Entscheidung treffen k\u00f6nnen. Im Laufe von 4 Jahren lernen alle Sch\u00fcler:innen zumindest 10 (oder mehr) Berufe und Berufsfelder im Rahmen des Unterrichts pers\u00f6nlich kennen.<\/p>\n<\/div>\n<\/div>\n<\/div>\n<\/div>\n<div class=\"elementor-element elementor-element-f291c09 elementor-view-default elementor-position-top elementor-mobile-position-top elementor-widget elementor-widget-icon-box\" data-id=\"f291c09\" data-element_type=\"widget\" data-widget_type=\"icon-box.default\">\n<div class=\"elementor-widget-container\">\n<div class=\"elementor-icon-box-wrapper\">\n<div class=\"elementor-icon-box-icon\"><\/div>\n<div class=\"elementor-icon-box-content\">\n<h5 class=\"elementor-icon-box-title\"><strong><span style=\"color: #333399;\">Unterricht und Beruf verbinden<\/span><\/strong><\/h5>\n<p class=\"elementor-icon-box-description\">In einer Talent School kann man in allen Unterrichtsf\u00e4chern von Deutsch bis Technik und Design berufliche T\u00e4tigkeiten kennenlernen und ausprobieren. Lehrer:innen und Betriebe erarbeiten gemeinsam M\u00f6glichkeiten, wie man das Kennenlernen von Berufen mit den Inhalten des Lehrplans verkn\u00fcpfen kann. (z. B. Lehrinhalte des Faches Biologie und Umweltkunde in Zusammenarbeit mit einer G\u00e4rtnerei erlernen)<\/p>\n<\/div>\n<\/div>\n<\/div>\n<\/div>\n<div class=\"elementor-element elementor-element-d370b00 elementor-view-default elementor-position-top elementor-mobile-position-top elementor-widget elementor-widget-icon-box\" data-id=\"d370b00\" data-element_type=\"widget\" data-widget_type=\"icon-box.default\">\n<div class=\"elementor-widget-container\">\n<div class=\"elementor-icon-box-wrapper\">\n<div class=\"elementor-icon-box-icon\"><\/div>\n<div class=\"elementor-icon-box-content\">\n<h5 class=\"elementor-icon-box-title\"><strong><span style=\"color: #333399;\">Fixer Rhythmus<\/span><\/strong><\/h5>\n<p class=\"elementor-icon-box-description\">In einer Talent School werden die Angebote jedes Jahr wiederholt, um allen Jahrg\u00e4ngen das Kennenlernen aller Berufe zu erm\u00f6glichen. Das erleichtert auch die Planung. Voraussetzung f\u00fcr den Aufbau einer Kooperation und die Entwicklung einer Ma\u00dfnahme ist, dass diese Ma\u00dfnahme vom Betrieb in Zukunft j\u00e4hrlich umgesetzt werden kann.<\/p>\n<\/div>\n<\/div>\n<\/div>\n<\/div>\n<p>&nbsp;<\/p>\n<p>N\u00e4here Informationen finden Sie unter den folgenden Links:<\/p>\n<p><a href=\"https:\/\/deine-jobregion.at\/talent-school\/\" target=\"_blank\" rel=\"noopener\">Talent School Bucklige Welt-Wechselland<\/a><\/p>\n<p><a href=\"https:\/\/talentschool.online\/de\/startseite\/\" target=\"_blank\" rel=\"noopener\">Talent School bei deiner Jobregion<\/a><\/p>\n<p>Hier auch ein Video f\u00fcr Unternehmer, um mehr \u00fcber das Projekt zu erfahren:<\/p>\n<p><a href=\"https:\/\/youtu.be\/nIMhPw7N_YY?si=juuRiKTcpvU1frJD\" target=\"_blank\" rel=\"noopener\">Projektinfo f\u00fcr Unternehmer<\/a><\/p>\n","protected":false},"excerpt":{"rendered":"<p>&nbsp; Entwicklung eines neuen p\u00e4dagogischen Schwerpunktes f\u00fcr Schulen der Sekundarstufe I (10 bis 14-J\u00e4hrige) Eine Talent School setzt sich neben ihren Bildungsaufgaben ein besonderes Ziel: Sch\u00fcler:innen erhalten die M\u00f6glichkeit, Berufe kennen zu lernen, f\u00fcr die sie ein echtes Talent und Interesse haben und die ihnen&nbsp;<a class=\"read-more\" href=\"https:\/\/www.nmskrumbach.ac.at\/wordpress\/talent-school\/\">&hellip;<\/a><\/p>\n","protected":false},"author":1,"featured_media":0,"parent":0,"menu_order":0,"comment_status":"closed","ping_status":"closed","template":"","meta":{"footnotes":""},"class_list":["post-2002","page","type-page","status-publish","hentry"],"_links":{"self":[{"href":"https:\/\/www.nmskrumbach.ac.at\/wordpress\/wp-json\/wp\/v2\/pages\/2002","targetHints":{"allow":["GET"]}}],"collection":[{"href":"https:\/\/www.nmskrumbach.ac.at\/wordpress\/wp-json\/wp\/v2\/pages"}],"about":[{"href":"https:\/\/www.nmskrumbach.ac.at\/wordpress\/wp-json\/wp\/v2\/types\/page"}],"author":[{"embeddable":true,"href":"https:\/\/www.nmskrumbach.ac.at\/wordpress\/wp-json\/wp\/v2\/users\/1"}],"replies":[{"embeddable":true,"href":"https:\/\/www.nmskrumbach.ac.at\/wordpress\/wp-json\/wp\/v2\/comments?post=2002"}],"version-history":[{"count":20,"href":"https:\/\/www.nmskrumbach.ac.at\/wordpress\/wp-json\/wp\/v2\/pages\/2002\/revisions"}],"predecessor-version":[{"id":2101,"href":"https:\/\/www.nmskrumbach.ac.at\/wordpress\/wp-json\/wp\/v2\/pages\/2002\/revisions\/2101"}],"wp:attachment":[{"href":"https:\/\/www.nmskrumbach.ac.at\/wordpress\/wp-json\/wp\/v2\/media?parent=2002"}],"curies":[{"name":"wp","href":"https:\/\/api.w.org\/{rel}","templated":true}]}}