{"id":2138,"date":"2025-10-06T15:30:12","date_gmt":"2025-10-06T13:30:12","guid":{"rendered":"https:\/\/www.nmskrumbach.ac.at\/wordpress\/?page_id=2138"},"modified":"2025-10-24T12:10:15","modified_gmt":"2025-10-24T10:10:15","slug":"oktober-2025","status":"publish","type":"page","link":"https:\/\/www.nmskrumbach.ac.at\/wordpress\/oktober-2025\/","title":{"rendered":"Oktober 2025"},"content":{"rendered":"<p><a href=\"https:\/\/www.nmskrumbach.ac.at\/wordpress\/2025\/10\/24\/projekttage-am-appelhof\/\">Projekttage am Appelhof<\/a><\/p>\n<p><a href=\"https:\/\/www.nmskrumbach.ac.at\/wordpress\/2025\/10\/20\/gegenbesuch-der-ungarischen-schuelerinnen-aus-szombathely\/\">Gegenbesuch der ungarischen Sch\u00fclerInnen aus Szombathely<\/a><\/p>\n<p><a href=\"https:\/\/www.nmskrumbach.ac.at\/wordpress\/2025\/10\/16\/bewegungslandschaft-der-2aso\/\">Bewegungslandschaft der 2ASO<\/a><\/p>\n<p><a href=\"https:\/\/www.nmskrumbach.ac.at\/wordpress\/2025\/10\/14\/u13-fussball-schuelerliga\/\">U13 Fu\u00dfball-Sch\u00fclerliga<\/a><\/p>\n<p><a href=\"https:\/\/www.nmskrumbach.ac.at\/wordpress\/2025\/10\/11\/handwerk4future\/\">Handwerk4Future<\/a><\/p>\n<p><a href=\"https:\/\/www.nmskrumbach.ac.at\/wordpress\/2025\/10\/06\/berufspraktische-tage\/\">Berufspraktische Tage<\/a><\/p>\n","protected":false},"excerpt":{"rendered":"<p>Projekttage am Appelhof Gegenbesuch der ungarischen Sch\u00fclerInnen aus Szombathely Bewegungslandschaft der 2ASO U13 Fu\u00dfball-Sch\u00fclerliga Handwerk4Future Berufspraktische Tage<\/p>\n","protected":false},"author":1,"featured_media":0,"parent":0,"menu_order":0,"comment_status":"closed","ping_status":"closed","template":"","meta":{"footnotes":""},"class_list":["post-2138","page","type-page","status-publish","hentry"],"_links":{"self":[{"href":"https:\/\/www.nmskrumbach.ac.at\/wordpress\/wp-json\/wp\/v2\/pages\/2138","targetHints":{"allow":["GET"]}}],"collection":[{"href":"https:\/\/www.nmskrumbach.ac.at\/wordpress\/wp-json\/wp\/v2\/pages"}],"about":[{"href":"https:\/\/www.nmskrumbach.ac.at\/wordpress\/wp-json\/wp\/v2\/types\/page"}],"author":[{"embeddable":true,"href":"https:\/\/www.nmskrumbach.ac.at\/wordpress\/wp-json\/wp\/v2\/users\/1"}],"replies":[{"embeddable":true,"href":"https:\/\/www.nmskrumbach.ac.at\/wordpress\/wp-json\/wp\/v2\/comments?post=2138"}],"version-history":[{"count":7,"href":"https:\/\/www.nmskrumbach.ac.at\/wordpress\/wp-json\/wp\/v2\/pages\/2138\/revisions"}],"predecessor-version":[{"id":2214,"href":"https:\/\/www.nmskrumbach.ac.at\/wordpress\/wp-json\/wp\/v2\/pages\/2138\/revisions\/2214"}],"wp:attachment":[{"href":"https:\/\/www.nmskrumbach.ac.at\/wordpress\/wp-json\/wp\/v2\/media?parent=2138"}],"curies":[{"name":"wp","href":"https:\/\/api.w.org\/{rel}","templated":true}]}}